{"id":17,"date":"2024-11-29T12:34:12","date_gmt":"2024-11-29T12:34:12","guid":{"rendered":"https:\/\/munreyfruits.com\/?page_id=17"},"modified":"2024-12-02T11:51:51","modified_gmt":"2024-12-02T11:51:51","slug":"cirex-fruits","status":"publish","type":"page","link":"https:\/\/munreyfruits.com\/?page_id=17","title":{"rendered":"CIREX FRUITS"},"content":{"rendered":"\t\t<div data-elementor-type=\"wp-page\" data-elementor-id=\"17\" class=\"elementor elementor-17\">\n\t\t\t\t<div class=\"elementor-element elementor-element-19b347680 e-flex e-con-boxed wpr-particle-no wpr-jarallax-no wpr-parallax-no wpr-sticky-section-no e-con e-parent\" data-id=\"19b347680\" data-element_type=\"container\" data-settings=\"{&quot;background_background&quot;:&quot;classic&quot;}\">\n\t\t\t\t\t<div class=\"e-con-inner\">\n\t\t\t\t<div class=\"elementor-element elementor-element-481f0b7f elementor-widget elementor-widget-heading\" data-id=\"481f0b7f\" data-element_type=\"widget\" data-widget_type=\"heading.default\">\n\t\t\t\t<div class=\"elementor-widget-container\">\n\t\t\t<h1 class=\"elementor-heading-title elementor-size-default\">Cirex Fruits<\/h1>\t\t<\/div>\n\t\t\t\t<\/div>\n\t\t\t\t\t<\/div>\n\t\t\t\t<\/div>\n\t\t<div class=\"elementor-element elementor-element-7faea712 e-flex e-con-boxed wpr-particle-no wpr-jarallax-no wpr-parallax-no wpr-sticky-section-no e-con e-parent\" data-id=\"7faea712\" data-element_type=\"container\">\n\t\t\t\t\t<div class=\"e-con-inner\">\n\t\t<div class=\"elementor-element elementor-element-5e4ab6cf e-con-full e-flex wpr-particle-no wpr-jarallax-no wpr-parallax-no wpr-sticky-section-no e-con e-child\" data-id=\"5e4ab6cf\" data-element_type=\"container\">\n\t\t\t\t<div class=\"elementor-element elementor-element-2321a979 elementor-widget elementor-widget-heading\" data-id=\"2321a979\" data-element_type=\"widget\" data-widget_type=\"heading.default\">\n\t\t\t\t<div class=\"elementor-widget-container\">\n\t\t\t<h2 class=\"elementor-heading-title elementor-size-default\">\u00bfConoces Cirex Fruits?<\/h2>\t\t<\/div>\n\t\t\t\t<\/div>\n\t\t\t\t<div class=\"elementor-element elementor-element-69a146d7 elementor-widget elementor-widget-text-editor\" data-id=\"69a146d7\" data-element_type=\"widget\" data-widget_type=\"text-editor.default\">\n\t\t\t\t<div class=\"elementor-widget-container\">\n\t\t\t\t\t\t\t<p>Cirex Fruits es una cooperativa hortofrut\u00edcola de reciente creaci\u00f3n, pero con una s\u00f3lida trayectoria y vasta experiencia en la producci\u00f3n de frutas de hueso. Ubicados en Puebla de la Calzada, Badajoz, nos especializamos en la producci\u00f3n, selecci\u00f3n, envasado y comercializaci\u00f3n de frutas de hueso y pepita. Nuestros socios cuentan con plantaciones en la comarca de las Vegas Bajas del Guadiana, y disponemos de una moderna planta de envasado equipada con tecnolog\u00eda de \u00faltima generaci\u00f3n, lo que nos permite garantizar productos de alta calidad para los mercados internacionales.<\/p><p>La premisa fundamental de Cirex Fruits es valorizar sus productos, generando un impacto positivo tanto en nuestros socios como en la comunidad local. Nuestro principal objetivo es asegurar la calidad en cada etapa del proceso: desde la producci\u00f3n hasta el envasado y la comercializaci\u00f3n de nuestras frutas. Trabajamos para llevar nuestras frutas a mercados internacionales, destac\u00e1ndonos en Europa, especialmente en Alemania y Francia, y extendiendo nuestra presencia a mercados de ultramar, donde somos reconocidos como especialistas.<\/p>\t\t\t\t\t\t<\/div>\n\t\t\t\t<\/div>\n\t\t\t\t<\/div>\n\t\t\t\t\t<\/div>\n\t\t\t\t<\/div>\n\t\t<div class=\"elementor-element elementor-element-72d6e95 e-flex e-con-boxed wpr-particle-no wpr-jarallax-no wpr-parallax-no wpr-sticky-section-no e-con e-parent\" data-id=\"72d6e95\" data-element_type=\"container\" data-settings=\"{&quot;background_background&quot;:&quot;video&quot;,&quot;background_video_link&quot;:&quot;https:\\\/\\\/munreyfruits.com\\\/wp-content\\\/uploads\\\/2024\\\/12\\\/video-banner-1.mp4&quot;,&quot;background_play_on_mobile&quot;:&quot;yes&quot;}\">\n\t\t\t\t\t<div class=\"e-con-inner\">\n\t\t<div class=\"elementor-background-video-container\">\n\t\t\t\t\t\t\t<video class=\"elementor-background-video-hosted elementor-html5-video\" autoplay muted playsinline loop><\/video>\n\t\t\t\t\t<\/div>\t\t<div class=\"elementor-element elementor-element-2e3f4763 elementor-invisible elementor-widget elementor-widget-heading\" data-id=\"2e3f4763\" data-element_type=\"widget\" data-settings=\"{&quot;_animation&quot;:&quot;zoomIn&quot;}\" data-widget_type=\"heading.default\">\n\t\t\t\t<div class=\"elementor-widget-container\">\n\t\t\t<h2 class=\"elementor-heading-title elementor-size-default\">Cirex Fruits: Tradici\u00f3n, Innovaci\u00f3n y Calidad Global<\/h2>\t\t<\/div>\n\t\t\t\t<\/div>\n\t\t\t\t\t<\/div>\n\t\t\t\t<\/div>\n\t\t\t\t<\/div>\n\t\t","protected":false},"excerpt":{"rendered":"<p>Cirex Fruits \u00bfConoces Cirex Fruits? Cirex Fruits es una cooperativa hortofrut\u00edcola de reciente creaci\u00f3n, pero con una s\u00f3lida trayectoria y vasta experiencia en la producci\u00f3n de frutas de hueso. Ubicados en Puebla de la Calzada, Badajoz, nos especializamos en la producci\u00f3n, selecci\u00f3n, envasado y comercializaci\u00f3n de frutas de hueso y pepita. Nuestros socios cuentan con plantaciones en la comarca de las Vegas Bajas del Guadiana, y disponemos de una moderna planta de envasado equipada con tecnolog\u00eda de \u00faltima generaci\u00f3n, lo que nos permite garantizar productos de alta calidad para los mercados internacionales. La premisa fundamental de Cirex Fruits es valorizar sus productos, generando un impacto positivo tanto en nuestros socios como en la comunidad local. Nuestro principal objetivo es asegurar la calidad en cada etapa del proceso: desde la producci\u00f3n hasta el envasado y la comercializaci\u00f3n de nuestras frutas. Trabajamos para llevar nuestras frutas a mercados internacionales, destac\u00e1ndonos en Europa, especialmente en Alemania y Francia, y extendiendo nuestra presencia a mercados de ultramar, donde somos reconocidos como especialistas. Cirex Fruits: Tradici\u00f3n, Innovaci\u00f3n y Calidad Global<\/p>\n","protected":false},"author":1,"featured_media":0,"parent":0,"menu_order":0,"comment_status":"closed","ping_status":"closed","template":"","meta":{"site-sidebar-layout":"no-sidebar","site-content-layout":"","ast-site-content-layout":"full-width-container","site-content-style":"default","site-sidebar-style":"default","ast-global-header-display":"","ast-banner-title-visibility":"","ast-main-header-display":"","ast-hfb-above-header-display":"","ast-hfb-below-header-display":"","ast-hfb-mobile-header-display":"","site-post-title":"disabled","ast-breadcrumbs-content":"","ast-featured-img":"disabled","footer-sml-layout":"","theme-transparent-header-meta":"","adv-header-id-meta":"","stick-header-meta":"","header-above-stick-meta":"","header-main-stick-meta":"","header-below-stick-meta":"","astra-migrate-meta-layouts":"default","ast-page-background-enabled":"default","ast-page-background-meta":{"desktop":{"background-color":"var(--ast-global-color-4)","background-image":"","background-repeat":"repeat","background-position":"center center","background-size":"auto","background-attachment":"scroll","background-type":"","background-media":"","overlay-type":"","overlay-color":"","overlay-opacity":"","overlay-gradient":""},"tablet":{"background-color":"","background-image":"","background-repeat":"repeat","background-position":"center center","background-size":"auto","background-attachment":"scroll","background-type":"","background-media":"","overlay-type":"","overlay-color":"","overlay-opacity":"","overlay-gradient":""},"mobile":{"background-color":"","background-image":"","background-repeat":"repeat","background-position":"center center","background-size":"auto","background-attachment":"scroll","background-type":"","background-media":"","overlay-type":"","overlay-color":"","overlay-opacity":"","overlay-gradient":""}},"ast-content-background-meta":{"desktop":{"background-color":"var(--ast-global-color-5)","background-image":"","background-repeat":"repeat","background-position":"center center","background-size":"auto","background-attachment":"scroll","background-type":"","background-media":"","overlay-type":"","overlay-color":"","overlay-opacity":"","overlay-gradient":""},"tablet":{"background-color":"var(--ast-global-color-5)","background-image":"","background-repeat":"repeat","background-position":"center center","background-size":"auto","background-attachment":"scroll","background-type":"","background-media":"","overlay-type":"","overlay-color":"","overlay-opacity":"","overlay-gradient":""},"mobile":{"background-color":"var(--ast-global-color-5)","background-image":"","background-repeat":"repeat","background-position":"center center","background-size":"auto","background-attachment":"scroll","background-type":"","background-media":"","overlay-type":"","overlay-color":"","overlay-opacity":"","overlay-gradient":""}},"footnotes":""},"class_list":["post-17","page","type-page","status-publish","hentry"],"_links":{"self":[{"href":"https:\/\/munreyfruits.com\/index.php?rest_route=\/wp\/v2\/pages\/17","targetHints":{"allow":["GET"]}}],"collection":[{"href":"https:\/\/munreyfruits.com\/index.php?rest_route=\/wp\/v2\/pages"}],"about":[{"href":"https:\/\/munreyfruits.com\/index.php?rest_route=\/wp\/v2\/types\/page"}],"author":[{"embeddable":true,"href":"https:\/\/munreyfruits.com\/index.php?rest_route=\/wp\/v2\/users\/1"}],"replies":[{"embeddable":true,"href":"https:\/\/munreyfruits.com\/index.php?rest_route=%2Fwp%2Fv2%2Fcomments&post=17"}],"version-history":[{"count":19,"href":"https:\/\/munreyfruits.com\/index.php?rest_route=\/wp\/v2\/pages\/17\/revisions"}],"predecessor-version":[{"id":326,"href":"https:\/\/munreyfruits.com\/index.php?rest_route=\/wp\/v2\/pages\/17\/revisions\/326"}],"wp:attachment":[{"href":"https:\/\/munreyfruits.com\/index.php?rest_route=%2Fwp%2Fv2%2Fmedia&parent=17"}],"curies":[{"name":"wp","href":"https:\/\/api.w.org\/{rel}","templated":true}]}}