{"id":15,"date":"2024-11-29T12:33:56","date_gmt":"2024-11-29T12:33:56","guid":{"rendered":"https:\/\/munreyfruits.com\/?page_id=15"},"modified":"2024-12-02T10:39:26","modified_gmt":"2024-12-02T10:39:26","slug":"otros-productos","status":"publish","type":"page","link":"https:\/\/munreyfruits.com\/?page_id=15","title":{"rendered":"OTROS PRODUCTOS"},"content":{"rendered":"\t\t<div data-elementor-type=\"wp-page\" data-elementor-id=\"15\" class=\"elementor elementor-15\">\n\t\t\t\t<div class=\"elementor-element elementor-element-3346c83f0 e-flex e-con-boxed wpr-particle-no wpr-jarallax-no wpr-parallax-no wpr-sticky-section-no e-con e-parent\" data-id=\"3346c83f0\" data-element_type=\"container\" data-settings=\"{&quot;background_background&quot;:&quot;classic&quot;}\">\n\t\t\t\t\t<div class=\"e-con-inner\">\n\t\t\t\t<div class=\"elementor-element elementor-element-14f1f0f1 elementor-widget elementor-widget-heading\" data-id=\"14f1f0f1\" data-element_type=\"widget\" data-widget_type=\"heading.default\">\n\t\t\t\t<div class=\"elementor-widget-container\">\n\t\t\t<h1 class=\"elementor-heading-title elementor-size-default\">Otros productos<\/h1>\t\t<\/div>\n\t\t\t\t<\/div>\n\t\t\t\t\t<\/div>\n\t\t\t\t<\/div>\n\t\t<div class=\"elementor-element elementor-element-38d9483f e-flex e-con-boxed wpr-particle-no wpr-jarallax-no wpr-parallax-no wpr-sticky-section-no e-con e-parent\" data-id=\"38d9483f\" data-element_type=\"container\">\n\t\t\t\t\t<div class=\"e-con-inner\">\n\t\t\t\t<div class=\"elementor-element elementor-element-2272583c elementor-widget elementor-widget-heading\" data-id=\"2272583c\" data-element_type=\"widget\" data-widget_type=\"heading.default\">\n\t\t\t\t<div class=\"elementor-widget-container\">\n\t\t\t<h2 class=\"elementor-heading-title elementor-size-default\">Munrey: La Mejor Calidad, Siempre a Tu Alcance<\/h2>\t\t<\/div>\n\t\t\t\t<\/div>\n\t\t\t\t<div class=\"elementor-element elementor-element-3ec2d1 elementor-widget elementor-widget-text-editor\" data-id=\"3ec2d1\" data-element_type=\"widget\" data-widget_type=\"text-editor.default\">\n\t\t\t\t<div class=\"elementor-widget-container\">\n\t\t\t\t\t\t\t<p>En Munrey Fruits and Services, somos expertos en la exportaci\u00f3n de frutas frescas de calidad superior, llevando los sabores m\u00e1s exquisitos del mundo a los mercados internacionales. Sin embargo, nuestra visi\u00f3n va m\u00e1s all\u00e1 de la fruta: nos posicionamos como un aliado estrat\u00e9gico para la adquisici\u00f3n y desarrollo de productos de origen espa\u00f1ol, siempre adapt\u00e1ndonos a las necesidades espec\u00edficas de cada cliente y negocio.<\/p>\t\t\t\t\t\t<\/div>\n\t\t\t\t<\/div>\n\t\t\t\t\t<\/div>\n\t\t\t\t<\/div>\n\t\t<div class=\"elementor-element elementor-element-74845fa1 elementor-hidden-tablet elementor-hidden-mobile e-flex e-con-boxed wpr-particle-no wpr-jarallax-no wpr-parallax-no wpr-sticky-section-no e-con e-parent\" data-id=\"74845fa1\" data-element_type=\"container\" data-settings=\"{&quot;background_background&quot;:&quot;classic&quot;}\">\n\t\t\t\t\t<div class=\"e-con-inner\">\n\t\t<div class=\"elementor-element elementor-element-20dda00e elementor-hidden-tablet elementor-hidden-mobile e-flex e-con-boxed wpr-particle-no wpr-jarallax-no wpr-parallax-no wpr-sticky-section-no e-con e-child\" data-id=\"20dda00e\" data-element_type=\"container\">\n\t\t\t\t\t<div class=\"e-con-inner\">\n\t\t\t\t\t<\/div>\n\t\t\t\t<\/div>\n\t\t<div class=\"elementor-element elementor-element-427328c elementor-hidden-tablet elementor-hidden-mobile e-con-full e-flex wpr-particle-no wpr-jarallax-no wpr-parallax-no wpr-sticky-section-no e-con e-child\" data-id=\"427328c\" data-element_type=\"container\">\n\t\t\t\t<\/div>\n\t\t<div class=\"elementor-element elementor-element-5d6ba999 e-flex e-con-boxed wpr-particle-no wpr-jarallax-no wpr-parallax-no wpr-sticky-section-no elementor-invisible e-con e-child\" data-id=\"5d6ba999\" data-element_type=\"container\" data-settings=\"{&quot;animation&quot;:&quot;slideInRight&quot;}\">\n\t\t\t\t\t<div class=\"e-con-inner\">\n\t\t\t\t<div class=\"elementor-element elementor-element-10d1896c elementor-widget__width-initial elementor-widget elementor-widget-heading\" data-id=\"10d1896c\" data-element_type=\"widget\" data-widget_type=\"heading.default\">\n\t\t\t\t<div class=\"elementor-widget-container\">\n\t\t\t<h2 class=\"elementor-heading-title elementor-size-default\">M\u00e1xima calidad en cualquier producto<\/h2>\t\t<\/div>\n\t\t\t\t<\/div>\n\t\t\t\t<div class=\"elementor-element elementor-element-6891967 elementor-widget elementor-widget-text-editor\" data-id=\"6891967\" data-element_type=\"widget\" data-widget_type=\"text-editor.default\">\n\t\t\t\t<div class=\"elementor-widget-container\">\n\t\t\t\t\t\t\t<p>A lo largo de los a\u00f1os, hemos diversificado nuestro cat\u00e1logo para incluir aceites (de girasol y oliva), vinos, cervezas, encurtidos, productos congelados y alimentos para mascotas. Esta evoluci\u00f3n refleja nuestra capacidad para responder a las demandas del mercado y desarrollar soluciones personalizadas que satisfagan las expectativas de nuestros clientes.<\/p>\t\t\t\t\t\t<\/div>\n\t\t\t\t<\/div>\n\t\t\t\t\t<\/div>\n\t\t\t\t<\/div>\n\t\t\t\t\t<\/div>\n\t\t\t\t<\/div>\n\t\t<div class=\"elementor-element elementor-element-f0fab2d elementor-hidden-desktop e-flex e-con-boxed wpr-particle-no wpr-jarallax-no wpr-parallax-no wpr-sticky-section-no e-con e-parent\" data-id=\"f0fab2d\" data-element_type=\"container\" data-settings=\"{&quot;background_background&quot;:&quot;classic&quot;}\">\n\t\t\t\t\t<div class=\"e-con-inner\">\n\t\t<div class=\"elementor-element elementor-element-98d1b4c e-con-full e-flex wpr-particle-no wpr-jarallax-no wpr-parallax-no wpr-sticky-section-no e-con e-child\" data-id=\"98d1b4c\" data-element_type=\"container\">\n\t\t\t\t<div class=\"elementor-element elementor-element-fcd7350 elementor-widget elementor-widget-image\" data-id=\"fcd7350\" data-element_type=\"widget\" data-widget_type=\"image.default\">\n\t\t\t\t<div class=\"elementor-widget-container\">\n\t\t\t\t\t\t\t\t\t\t\t\t\t<img fetchpriority=\"high\" decoding=\"async\" width=\"1024\" height=\"576\" src=\"https:\/\/munreyfruits.com\/wp-content\/uploads\/2024\/12\/OP1-e1733134874511-1024x576.png\" class=\"attachment-large size-large wp-image-212\" alt=\"\" srcset=\"https:\/\/munreyfruits.com\/wp-content\/uploads\/2024\/12\/OP1-e1733134874511-1024x576.png 1024w, https:\/\/munreyfruits.com\/wp-content\/uploads\/2024\/12\/OP1-e1733134874511-300x169.png 300w, https:\/\/munreyfruits.com\/wp-content\/uploads\/2024\/12\/OP1-e1733134874511-768x432.png 768w, https:\/\/munreyfruits.com\/wp-content\/uploads\/2024\/12\/OP1-e1733134874511-1536x864.png 1536w, https:\/\/munreyfruits.com\/wp-content\/uploads\/2024\/12\/OP1-e1733134874511.png 1920w\" sizes=\"(max-width: 1024px) 100vw, 1024px\" \/>\t\t\t\t\t\t\t\t\t\t\t\t\t<\/div>\n\t\t\t\t<\/div>\n\t\t\t\t<\/div>\n\t\t<div class=\"elementor-element elementor-element-8f3942c e-con-full e-flex wpr-particle-no wpr-jarallax-no wpr-parallax-no wpr-sticky-section-no e-con e-child\" data-id=\"8f3942c\" data-element_type=\"container\">\n\t\t<div class=\"elementor-element elementor-element-1188688 e-con-full elementor-hidden-desktop e-flex wpr-particle-no wpr-jarallax-no wpr-parallax-no wpr-sticky-section-no elementor-invisible e-con e-child\" data-id=\"1188688\" data-element_type=\"container\" data-settings=\"{&quot;animation&quot;:&quot;slideInRight&quot;}\">\n\t\t\t\t<div class=\"elementor-element elementor-element-a887af1 elementor-widget__width-initial elementor-widget elementor-widget-heading\" data-id=\"a887af1\" data-element_type=\"widget\" data-widget_type=\"heading.default\">\n\t\t\t\t<div class=\"elementor-widget-container\">\n\t\t\t<h2 class=\"elementor-heading-title elementor-size-default\">M\u00e1xima calidad en cualquier producto<\/h2>\t\t<\/div>\n\t\t\t\t<\/div>\n\t\t\t\t<div class=\"elementor-element elementor-element-993cdc3 elementor-widget elementor-widget-text-editor\" data-id=\"993cdc3\" data-element_type=\"widget\" data-widget_type=\"text-editor.default\">\n\t\t\t\t<div class=\"elementor-widget-container\">\n\t\t\t\t\t\t\t<p>A lo largo de los a\u00f1os, hemos diversificado nuestro cat\u00e1logo para incluir aceites (de girasol y oliva), vinos, cervezas, encurtidos, productos congelados y alimentos para mascotas. Esta evoluci\u00f3n refleja nuestra capacidad para responder a las demandas del mercado y desarrollar soluciones personalizadas que satisfagan las expectativas de nuestros clientes.<\/p>\t\t\t\t\t\t<\/div>\n\t\t\t\t<\/div>\n\t\t\t\t<\/div>\n\t\t\t\t<\/div>\n\t\t\t\t\t<\/div>\n\t\t\t\t<\/div>\n\t\t<div class=\"elementor-element elementor-element-56d59ca e-flex e-con-boxed wpr-particle-no wpr-jarallax-no wpr-parallax-no wpr-sticky-section-no e-con e-parent\" data-id=\"56d59ca\" data-element_type=\"container\">\n\t\t\t\t\t<div class=\"e-con-inner\">\n\t\t\t\t<div class=\"elementor-element elementor-element-2944a8d elementor-widget elementor-widget-heading\" data-id=\"2944a8d\" data-element_type=\"widget\" data-widget_type=\"heading.default\">\n\t\t\t\t<div class=\"elementor-widget-container\">\n\t\t\t<h2 class=\"elementor-heading-title elementor-size-default\">Comprometidos con la calidad, la innovaci\u00f3n y la excelencia <\/h2>\t\t<\/div>\n\t\t\t\t<\/div>\n\t\t\t\t<div class=\"elementor-element elementor-element-284ba2a elementor-widget elementor-widget-text-editor\" data-id=\"284ba2a\" data-element_type=\"widget\" data-widget_type=\"text-editor.default\">\n\t\t\t\t<div class=\"elementor-widget-container\">\n\t\t\t\t\t\t\t<p>Estamos aqu\u00ed para acompa\u00f1arle en la expansi\u00f3n de su negocio y para abrirle las puertas a lo mejor que Espa\u00f1a tiene para ofrecer.<\/p><p>Gracias a nuestra experiencia en comercio exterior y log\u00edstica, en Munrey garantizamos un proceso \u00e1gil, eficiente y seguro en cada etapa de la exportaci\u00f3n. Colaboramos con los mejores socios log\u00edsticos para asegurar que cada env\u00edo llegue a su destino en perfectas condiciones y dentro de los plazos establecidos.<\/p>\t\t\t\t\t\t<\/div>\n\t\t\t\t<\/div>\n\t\t\t\t\t<\/div>\n\t\t\t\t<\/div>\n\t\t\t\t<\/div>\n\t\t","protected":false},"excerpt":{"rendered":"<p>Otros productos Munrey: La Mejor Calidad, Siempre a Tu Alcance En Munrey Fruits and Services, somos expertos en la exportaci\u00f3n de frutas frescas de calidad superior, llevando los sabores m\u00e1s exquisitos del mundo a los mercados internacionales. Sin embargo, nuestra visi\u00f3n va m\u00e1s all\u00e1 de la fruta: nos posicionamos como un aliado estrat\u00e9gico para la adquisici\u00f3n y desarrollo de productos de origen espa\u00f1ol, siempre adapt\u00e1ndonos a las necesidades espec\u00edficas de cada cliente y negocio. M\u00e1xima calidad en cualquier producto A lo largo de los a\u00f1os, hemos diversificado nuestro cat\u00e1logo para incluir aceites (de girasol y oliva), vinos, cervezas, encurtidos, productos congelados y alimentos para mascotas. Esta evoluci\u00f3n refleja nuestra capacidad para responder a las demandas del mercado y desarrollar soluciones personalizadas que satisfagan las expectativas de nuestros clientes. M\u00e1xima calidad en cualquier producto A lo largo de los a\u00f1os, hemos diversificado nuestro cat\u00e1logo para incluir aceites (de girasol y oliva), vinos, cervezas, encurtidos, productos congelados y alimentos para mascotas. Esta evoluci\u00f3n refleja nuestra capacidad para responder a las demandas del mercado y desarrollar soluciones personalizadas que satisfagan las expectativas de nuestros clientes. Comprometidos con la calidad, la innovaci\u00f3n y la excelencia Estamos aqu\u00ed para acompa\u00f1arle en la expansi\u00f3n de su negocio y para abrirle las puertas a lo mejor que Espa\u00f1a tiene para ofrecer. Gracias a nuestra experiencia en comercio exterior y log\u00edstica, en Munrey garantizamos un proceso \u00e1gil, eficiente y seguro en cada etapa de la exportaci\u00f3n. Colaboramos con los mejores socios log\u00edsticos para asegurar que cada env\u00edo llegue a su destino en perfectas condiciones y dentro de los plazos establecidos.<\/p>\n","protected":false},"author":1,"featured_media":0,"parent":0,"menu_order":0,"comment_status":"closed","ping_status":"closed","template":"","meta":{"site-sidebar-layout":"no-sidebar","site-content-layout":"","ast-site-content-layout":"full-width-container","site-content-style":"default","site-sidebar-style":"default","ast-global-header-display":"","ast-banner-title-visibility":"","ast-main-header-display":"","ast-hfb-above-header-display":"","ast-hfb-below-header-display":"","ast-hfb-mobile-header-display":"","site-post-title":"disabled","ast-breadcrumbs-content":"","ast-featured-img":"disabled","footer-sml-layout":"","theme-transparent-header-meta":"","adv-header-id-meta":"","stick-header-meta":"","header-above-stick-meta":"","header-main-stick-meta":"","header-below-stick-meta":"","astra-migrate-meta-layouts":"default","ast-page-background-enabled":"default","ast-page-background-meta":{"desktop":{"background-color":"var(--ast-global-color-4)","background-image":"","background-repeat":"repeat","background-position":"center center","background-size":"auto","background-attachment":"scroll","background-type":"","background-media":"","overlay-type":"","overlay-color":"","overlay-opacity":"","overlay-gradient":""},"tablet":{"background-color":"","background-image":"","background-repeat":"repeat","background-position":"center center","background-size":"auto","background-attachment":"scroll","background-type":"","background-media":"","overlay-type":"","overlay-color":"","overlay-opacity":"","overlay-gradient":""},"mobile":{"background-color":"","background-image":"","background-repeat":"repeat","background-position":"center center","background-size":"auto","background-attachment":"scroll","background-type":"","background-media":"","overlay-type":"","overlay-color":"","overlay-opacity":"","overlay-gradient":""}},"ast-content-background-meta":{"desktop":{"background-color":"var(--ast-global-color-5)","background-image":"","background-repeat":"repeat","background-position":"center center","background-size":"auto","background-attachment":"scroll","background-type":"","background-media":"","overlay-type":"","overlay-color":"","overlay-opacity":"","overlay-gradient":""},"tablet":{"background-color":"var(--ast-global-color-5)","background-image":"","background-repeat":"repeat","background-position":"center center","background-size":"auto","background-attachment":"scroll","background-type":"","background-media":"","overlay-type":"","overlay-color":"","overlay-opacity":"","overlay-gradient":""},"mobile":{"background-color":"var(--ast-global-color-5)","background-image":"","background-repeat":"repeat","background-position":"center center","background-size":"auto","background-attachment":"scroll","background-type":"","background-media":"","overlay-type":"","overlay-color":"","overlay-opacity":"","overlay-gradient":""}},"footnotes":""},"class_list":["post-15","page","type-page","status-publish","hentry"],"_links":{"self":[{"href":"https:\/\/munreyfruits.com\/index.php?rest_route=\/wp\/v2\/pages\/15","targetHints":{"allow":["GET"]}}],"collection":[{"href":"https:\/\/munreyfruits.com\/index.php?rest_route=\/wp\/v2\/pages"}],"about":[{"href":"https:\/\/munreyfruits.com\/index.php?rest_route=\/wp\/v2\/types\/page"}],"author":[{"embeddable":true,"href":"https:\/\/munreyfruits.com\/index.php?rest_route=\/wp\/v2\/users\/1"}],"replies":[{"embeddable":true,"href":"https:\/\/munreyfruits.com\/index.php?rest_route=%2Fwp%2Fv2%2Fcomments&post=15"}],"version-history":[{"count":25,"href":"https:\/\/munreyfruits.com\/index.php?rest_route=\/wp\/v2\/pages\/15\/revisions"}],"predecessor-version":[{"id":248,"href":"https:\/\/munreyfruits.com\/index.php?rest_route=\/wp\/v2\/pages\/15\/revisions\/248"}],"wp:attachment":[{"href":"https:\/\/munreyfruits.com\/index.php?rest_route=%2Fwp%2Fv2%2Fmedia&parent=15"}],"curies":[{"name":"wp","href":"https:\/\/api.w.org\/{rel}","templated":true}]}}